{"id":627,"date":"2018-03-01T11:09:47","date_gmt":"2018-03-01T10:09:47","guid":{"rendered":"http:\/\/www.teampuglia.com\/auto\/?page_id=627"},"modified":"2018-03-02T12:34:43","modified_gmt":"2018-03-02T11:34:43","slug":"piloti-vincenzo-pezzolla","status":"publish","type":"page","link":"https:\/\/www.teampuglia.com\/auto\/piloti-vincenzo-pezzolla\/","title":{"rendered":"Piloti &#8211; Vincenzo Pezzolla"},"content":{"rendered":"<p>[vc_row full_width=&#8221;stretch_row_content_no_spaces&#8221; equal_height=&#8221;yes&#8221; content_placement=&#8221;middle&#8221; bg_type=&#8221;image&#8221; css=&#8221;.vc_custom_1519990422414{margin-top: 0px !important;border-top-width: 0px !important;padding-top: 0px !important;}&#8221;][vc_column css=&#8221;.vc_custom_1519990474999{margin-top: 0px !important;border-top-width: 0px !important;padding-top: 0px !important;}&#8221;][vc_single_image image=&#8221;717&#8243; img_size=&#8221;full&#8221; css=&#8221;.vc_custom_1519990465840{margin-top: 0px !important;border-top-width: 0px !important;padding-top: 0px !important;}&#8221;][\/vc_column][\/vc_row][vc_row css=&#8221;.vc_custom_1519895211057{margin-bottom: 0px !important;border-bottom-width: 0px !important;padding-top: 60px !important;padding-bottom: 0px !important;}&#8221;][vc_column]<div id=\"ultimate-heading-456269fc4e9dc10c5\" class=\"uvc-heading ult-adjust-bottom-margin ultimate-heading-456269fc4e9dc10c5 uvc-7823 \" data-hspacer=\"no_spacer\"  data-halign=\"center\" style=\"text-align:center\"><div class=\"uvc-heading-spacer no_spacer\" style=\"top\"><\/div><div class=\"uvc-main-heading ult-responsive\"  data-ultimate-target='.uvc-heading.ultimate-heading-456269fc4e9dc10c5 h2'  data-responsive-json-new='{\"font-size\":\"desktop:35px;\",\"line-height\":\"\"}' ><h2 style=\"font-weight:normal;\">BIOGRAFIA<\/h2><\/div><div class=\"uvc-sub-heading ult-responsive\"  data-ultimate-target='.uvc-heading.ultimate-heading-456269fc4e9dc10c5 .uvc-sub-heading '  data-responsive-json-new='{\"font-size\":\"\",\"line-height\":\"\"}'  style=\"font-weight:normal;\">Race Driver<\/div><\/div>[\/vc_column][\/vc_row][vc_row full_width=&#8221;stretch_row&#8221; content_placement=&#8221;top&#8221; bg_type=&#8221;image&#8221; parallax_style=&#8221;vcpb-default&#8221; bg_image_new=&#8221;id^610|url^http:\/\/www.teampuglia.com\/auto\/wp-content\/uploads\/2018\/03\/sfondo-obliquo-nero-3-1.jpg|caption^null|alt^null|title^sfondo-obliquo-nero-3|description^null&#8221; bg_image_repeat=&#8221;no-repeat&#8221; bg_image_size=&#8221;contain&#8221; bg_image_posiiton=&#8221;0px 0px&#8221; css=&#8221;.vc_custom_1519895217530{padding-top: 90px !important;padding-bottom: 130px !important;background-color: #000000 !important;}&#8221;][vc_column]<div id=\"ultimate-heading-987569fc4e9dc1111\" class=\"uvc-heading ult-adjust-bottom-margin ultimate-heading-987569fc4e9dc1111 uvc-2039 \" data-hspacer=\"no_spacer\"  data-halign=\"center\" style=\"text-align:center\"><div class=\"uvc-heading-spacer no_spacer\" style=\"top\"><\/div><div class=\"uvc-main-heading ult-responsive\"  data-ultimate-target='.uvc-heading.ultimate-heading-987569fc4e9dc1111 h2'  data-responsive-json-new='{\"font-size\":\"desktop:60px;\",\"line-height\":\"\"}' ><h2 style=\"font-weight:normal;color:#ffffff;\">VINCENZO PEZZOLLA<\/h2><\/div><div class=\"uvc-sub-heading ult-responsive\"  data-ultimate-target='.uvc-heading.ultimate-heading-987569fc4e9dc1111 .uvc-sub-heading '  data-responsive-json-new='{\"font-size\":\"\",\"line-height\":\"\"}'  style=\"font-weight:normal;color:#f48a32;\">OSELLA PA 21 JrB Evo Bmw 1000<\/div><\/div>[vc_row_inner gap=&#8221;35&#8243; css=&#8221;.vc_custom_1519896659798{padding-top: 50px !important;}&#8221;][vc_column_inner width=&#8221;1\/2&#8243;][vc_column_text]<em><span style=\"color: #f48a32; font-size: 25px; font-weight: 600; padding-right: 10px; line-height: 32px;\">[ 1983 ]<\/span><\/em><span style=\"color: #ffffff;\">Vincenzo Pezzolla, nato il 25 febbraio 1983, vive e lavora a Fasano (Br). Ha avuto la fortuna di crescere nell\u2019officina del pap\u00e0 Mim\u00ec Pezzolla, amante delle corse e preparatore stimato in tutta la nazione, da sempre uno dei \u201cmaghi\u201d delle bicilindriche con cui ha portato alla vittoria tantissimi piloti.<\/span><\/p>\n<p><em><span style=\"color: #f48a32; font-size: 25px; font-weight: 600; padding-right: 10px; line-height: 32px;\">[ 1996 ]<\/span><\/em><span style=\"color: #ffffff;\">Vincenzo muove i primi passi in kart, nel 1996 chiude il Campionato Italiano della 60 cc. in terza posizione.<\/span><\/p>\n<p><em><span style=\"color: #f48a32; font-size: 25px; font-weight: 600; padding-right: 10px; line-height: 32px;\">[ 1997 ]<\/span><\/em><span style=\"color: #ffffff;\">Passa alla \u201c100 Intercontinentale A junior\u201d ed \u00e8 subito a podio chiudendo il campionato interregionale al terzo posto. Continua in varie categorie con ottimi risultati, fino al passo pi\u00f9 professionale della monoposto \u201cFormula Arcobaleno\u201d dal 2000 al 2001, anni in cui si aggiudica sette vittorie e numerosi altri podi.<\/span><\/p>\n<p><em><span style=\"color: #f48a32; font-size: 25px; font-weight: 600; padding-right: 10px; line-height: 32px;\">[ 2003 ]<\/span><\/em><span style=\"color: #ffffff;\">Partecipa al Campionato Italiano Prototipi con una Osella PA21P Honda Cn2, esperienza molto formativa che lo vede sempre a podio e chiude la stagione da Vicecampione italiano della classe 2000.<\/span><\/p>\n<p><em><span style=\"color: #f48a32; font-size: 25px; font-weight: 600; padding-right: 10px; line-height: 32px;\">[ 2004 ]<\/span><\/em><span style=\"color: #ffffff;\">Sempre nel CIP partecipa occasionalmente con una Osella PA20P Alfa Romeo 3000 con cui non tarda a mettersi in evidenza. Seguono stagioni in cui \u00e8 invitato a partecipare al Trofeo Marangoni monomarca in pista con le Lupo che si svolge sui pi\u00f9 importanti circuiti europei. Per lo stesso costruttore guida la Polo ed altre vetture in veste di collaudatore.<\/span><\/p>\n<p><span style=\"color: #ffffff;\">Non mancano esperienze in Formula Ford con la mitica scuola di Henry Morrogh. Ma il richiamo pi\u00f9 forte resta quello delle 500 che ha sempre visto nella sua officina, cos\u00ec comincia a guidare ed imparare i segreti delle bicilindriche. Da semplice pilota \u00e8 ormai divenuto un fine elaboratore sotto la guida di pap\u00e0 Mim\u00ec e cos\u00ec sui campi di gara deve pensare non solo alla sua vettura ma anche ai tanti clienti che si affidano alla prestigiosa officina di Fasano.<\/span><\/p>\n<p><em><span style=\"color: #f48a32; font-size: 25px; font-weight: 600; padding-right: 10px; line-height: 32px;\">[ 2013 ]<\/span><\/em><span style=\"color: #ffffff;\">Consacra il grande sogno e si aggiudica il Campionato nazionale \u201cAssominicar\u201d sia come pilota che come preparatore, un impegno enorme considerando le lunghe trasferte e l\u2019officina da mandare avanti. L\u2019anno seguente affronta meno gare ma chiude sempre a podio con il terzo posto assoluto. Si dedica sempre pi\u00f9 ai clienti e nel 2015 giungono importanti successi anche dall\u2019estero con una 126 che vince il campionato polacco.<\/span><\/p>\n<p><em><span style=\"color: #f48a32; font-size: 25px; font-weight: 600; padding-right: 10px; line-height: 32px;\">[ 2016 ]<\/span><\/em><span style=\"color: #ffffff;\">Viene chiamato a far parte del Progetto PA21 JrB dal Team Puglia che porta al debutto la nuova Osella nelle cronoscalate, la prima barchetta torinese con propulsore motociclistico di soli 1000 cc.<\/span>[\/vc_column_text][vc_empty_space][\/vc_column_inner][vc_column_inner width=&#8221;1\/2&#8243;]<div class=\"cq-medium-gallery\" data-gallerywidth=\"\" data-background=\"\" data-layoutno=\"123231\" data-lowreswidth=\"\" data-gutter=\"15px\" style=\"margin:0 auto;\"><img src=\"https:\/\/www.teampuglia.com\/auto\/wp-content\/uploads\/2018\/03\/vincenzopezzolla4.jpg\" data-highres=\"https:\/\/www.teampuglia.com\/auto\/wp-content\/uploads\/2018\/03\/vincenzopezzolla4.jpg\" class=\"mediumgallery-img \" title=\"\" alt=\"\" \/><img src=\"https:\/\/www.teampuglia.com\/auto\/wp-content\/uploads\/2018\/03\/vincenzopezzolla3.jpg\" data-highres=\"https:\/\/www.teampuglia.com\/auto\/wp-content\/uploads\/2018\/03\/vincenzopezzolla3.jpg\" class=\"mediumgallery-img \" title=\"\" alt=\"\" \/><img src=\"https:\/\/www.teampuglia.com\/auto\/wp-content\/uploads\/2018\/03\/vincenzopezzolla6.jpg\" data-highres=\"https:\/\/www.teampuglia.com\/auto\/wp-content\/uploads\/2018\/03\/vincenzopezzolla6.jpg\" class=\"mediumgallery-img \" title=\"\" alt=\"\" \/><img src=\"https:\/\/www.teampuglia.com\/auto\/wp-content\/uploads\/2018\/03\/vincenzopezzolla5.jpg\" data-highres=\"https:\/\/www.teampuglia.com\/auto\/wp-content\/uploads\/2018\/03\/vincenzopezzolla5.jpg\" class=\"mediumgallery-img \" title=\"\" alt=\"\" \/><img src=\"https:\/\/www.teampuglia.com\/auto\/wp-content\/uploads\/2018\/03\/vincenzopezzolla7.jpg\" data-highres=\"https:\/\/www.teampuglia.com\/auto\/wp-content\/uploads\/2018\/03\/vincenzopezzolla7.jpg\" class=\"mediumgallery-img \" title=\"\" alt=\"\" \/><img src=\"https:\/\/www.teampuglia.com\/auto\/wp-content\/uploads\/2018\/03\/vincenzopezzolla8.jpg\" data-highres=\"https:\/\/www.teampuglia.com\/auto\/wp-content\/uploads\/2018\/03\/vincenzopezzolla8.jpg\" class=\"mediumgallery-img \" title=\"\" alt=\"\" \/><img src=\"https:\/\/www.teampuglia.com\/auto\/wp-content\/uploads\/2018\/03\/vincenzopezzolla9.jpg\" data-highres=\"https:\/\/www.teampuglia.com\/auto\/wp-content\/uploads\/2018\/03\/vincenzopezzolla9.jpg\" class=\"mediumgallery-img \" title=\"\" alt=\"\" \/><img src=\"https:\/\/www.teampuglia.com\/auto\/wp-content\/uploads\/2018\/03\/vincenzopezzolla2.jpg\" data-highres=\"https:\/\/www.teampuglia.com\/auto\/wp-content\/uploads\/2018\/03\/vincenzopezzolla2.jpg\" class=\"mediumgallery-img \" title=\"\" alt=\"\" \/><\/div>[\/vc_column_inner][\/vc_row_inner][\/vc_column][\/vc_row]<\/p>\n","protected":false},"excerpt":{"rendered":"<p>[vc_row full_width=&#8221;stretch_row_content_no_spaces&#8221; equal_height=&#8221;yes&#8221; content_placement=&#8221;middle&#8221; bg_type=&#8221;image&#8221; css=&#8221;.vc_custom_1519990422414{margin-top: 0px !important;border-top-width: 0px !important;padding-top:<span class=\"excerpt-hellip\"> [\u2026]<\/span><\/p>\n","protected":false},"author":1,"featured_media":0,"parent":0,"menu_order":0,"comment_status":"closed","ping_status":"closed","template":"","meta":{"_exactmetrics_skip_tracking":false,"_exactmetrics_sitenote_active":false,"_exactmetrics_sitenote_note":"","_exactmetrics_sitenote_category":0},"_links":{"self":[{"href":"https:\/\/www.teampuglia.com\/auto\/wp-json\/wp\/v2\/pages\/627"}],"collection":[{"href":"https:\/\/www.teampuglia.com\/auto\/wp-json\/wp\/v2\/pages"}],"about":[{"href":"https:\/\/www.teampuglia.com\/auto\/wp-json\/wp\/v2\/types\/page"}],"author":[{"embeddable":true,"href":"https:\/\/www.teampuglia.com\/auto\/wp-json\/wp\/v2\/users\/1"}],"replies":[{"embeddable":true,"href":"https:\/\/www.teampuglia.com\/auto\/wp-json\/wp\/v2\/comments?post=627"}],"version-history":[{"count":6,"href":"https:\/\/www.teampuglia.com\/auto\/wp-json\/wp\/v2\/pages\/627\/revisions"}],"predecessor-version":[{"id":718,"href":"https:\/\/www.teampuglia.com\/auto\/wp-json\/wp\/v2\/pages\/627\/revisions\/718"}],"wp:attachment":[{"href":"https:\/\/www.teampuglia.com\/auto\/wp-json\/wp\/v2\/media?parent=627"}],"curies":[{"name":"wp","href":"https:\/\/api.w.org\/{rel}","templated":true}]}}